{"id":120,"date":"2017-12-09T20:48:51","date_gmt":"2017-12-09T19:48:51","guid":{"rendered":"http:\/\/lindgens-haustechnik.de\/wordpress\/?page_id=120"},"modified":"2019-07-21T21:19:58","modified_gmt":"2019-07-21T19:19:58","slug":"ueber-uns","status":"publish","type":"page","link":"https:\/\/lindgens-haustechnik.de\/wordpress\/ueber-uns\/","title":{"rendered":"\u00dcber uns"},"content":{"rendered":"<p>Willkommen bei Markus Lindgens Heizung-Sanit\u00e4r.<\/p>\n<p>Wir freuen uns, dass Sie unseren Internet-Auftritt besuchen. Hier wollen wir Sie gerne mit allen Informationen rund um unsere Service &#8211; und Produktangebote versorgen.<\/p>\n<p>M. Lindgens Heizung-Sanit\u00e4r ist ein vielseitig t\u00e4tiges Unternehmen mit einem erfahrenen Mitarbeiterkreis. Auf den folgenden Seiten wollen wir Ihnen die M\u00f6glichkeit bieten, sich mit unserem Leistungsspektrum vertraut zu machen.<\/p>\n","protected":false},"excerpt":{"rendered":"<p> <span class=\"readmore\"><a href=\"https:\/\/lindgens-haustechnik.de\/wordpress\/ueber-uns\/\">Weiterlesen &#8230;<\/a><\/span><\/p>\n","protected":false},"author":1,"featured_media":362,"parent":0,"menu_order":0,"comment_status":"closed","ping_status":"closed","template":"","meta":{"footnotes":"","_links_to":"","_links_to_target":""},"class_list":["post-120","page","type-page","status-publish","has-post-thumbnail","hentry"],"_links":{"self":[{"href":"https:\/\/lindgens-haustechnik.de\/wordpress\/wp-json\/wp\/v2\/pages\/120","targetHints":{"allow":["GET"]}}],"collection":[{"href":"https:\/\/lindgens-haustechnik.de\/wordpress\/wp-json\/wp\/v2\/pages"}],"about":[{"href":"https:\/\/lindgens-haustechnik.de\/wordpress\/wp-json\/wp\/v2\/types\/page"}],"author":[{"embeddable":true,"href":"https:\/\/lindgens-haustechnik.de\/wordpress\/wp-json\/wp\/v2\/users\/1"}],"replies":[{"embeddable":true,"href":"https:\/\/lindgens-haustechnik.de\/wordpress\/wp-json\/wp\/v2\/comments?post=120"}],"version-history":[{"count":0,"href":"https:\/\/lindgens-haustechnik.de\/wordpress\/wp-json\/wp\/v2\/pages\/120\/revisions"}],"wp:featuredmedia":[{"embeddable":true,"href":"https:\/\/lindgens-haustechnik.de\/wordpress\/wp-json\/wp\/v2\/media\/362"}],"wp:attachment":[{"href":"https:\/\/lindgens-haustechnik.de\/wordpress\/wp-json\/wp\/v2\/media?parent=120"}],"curies":[{"name":"wp","href":"https:\/\/api.w.org\/{rel}","templated":true}]}}