{"id":125,"date":"2017-12-09T20:56:36","date_gmt":"2017-12-09T19:56:36","guid":{"rendered":"http:\/\/lindgens-haustechnik.de\/wordpress\/?page_id=125"},"modified":"2019-07-21T21:40:22","modified_gmt":"2019-07-21T19:40:22","slug":"jobs","status":"publish","type":"page","link":"https:\/\/lindgens-haustechnik.de\/wordpress\/jobs\/","title":{"rendered":"Jobs"},"content":{"rendered":"<p>Wir suchen zum n\u00e4chstm\u00f6glichen Termin Verst\u00e4rkung f\u00fcr unser Team.<\/p>\n<p><strong>&#8211; Anlagenmechaniker f\u00fcr Heizungs- und Sanit\u00e4rtechnik<br \/>\n<\/strong><\/p>\n<p><strong>&#8211; Ausbildung zum Anlagenmechaniker\/in \u2013 Sanit\u00e4r-, Heizungs- und Klimatechnik<\/strong><\/p>\n<p>Sie sind es gewohnt, selbst\u00e4ndig zu arbeiten? Dann sind Sie der richtige Bewerber f\u00fcr uns.<\/p>\n<p>Ihre schriftliche Bewerbung mit Lebenslauf schicken Sie bitte an<\/p>\n<p><img loading=\"lazy\" decoding=\"async\" width=\"300\" height=\"127\" class=\"alignnone size-medium wp-image-178\" alt=\"\" src=\"http:\/\/lindgens-haustechnik.de\/wordpress\/wp-content\/uploads\/Logo_Lindgens-1-300x127.jpg\" srcset=\"https:\/\/lindgens-haustechnik.de\/wordpress\/wp-content\/uploads\/Logo_Lindgens-1-300x127.jpg 300w, https:\/\/lindgens-haustechnik.de\/wordpress\/wp-content\/uploads\/Logo_Lindgens-1.jpg 662w\" sizes=\"auto, (max-width: 300px) 100vw, 300px\" \/><\/p>\n<p>Heizung-Sanit\u00e4r M. Lindgens<br \/>\nVon-Immelhausen-Stra\u00dfe 79<br \/>\n41515 Grevenbroich,<br \/>\nTelefon 02181 &#8211; 24 24 10<\/p>\n<p>oder als Email an<\/p>\n<p><a href=\"mailto:m.lindgens@t-online.de\">m.lindgens@t-online.de<\/a><\/p>\n<p>Neben Produktqualit\u00e4t und handwerklicher Pr\u00e4szision geh\u00f6rt Kundenorientierung zu den Bausteinen unseres Erfolgs. Unser Team lebt diese Philosophie. Und weil unsere Mitarbeiter unser Kapital sind, liegt uns nicht nur ihre Aus- und Weiterbildung, sondern auch die Zufriedenheit jedes einzelnen sehr am Herzen.<\/p>\n<p>Im Team von M. Lindgens Heizung-Sanit\u00e4r finden Sie eine freundliche und stets angenehme Atmosph\u00e4re und hervorragende Aufstiegsm\u00f6glichkeiten.<\/p>\n<p><img loading=\"lazy\" decoding=\"async\" width=\"300\" height=\"285\" class=\"alignnone size-medium wp-image-221\" alt=\"\" src=\"http:\/\/lindgens-haustechnik.de\/wordpress\/wp-content\/uploads\/GB-192iT-0277-1-300x285.jpg\" srcset=\"https:\/\/lindgens-haustechnik.de\/wordpress\/wp-content\/uploads\/GB-192iT-0277-1-300x285.jpg 300w, https:\/\/lindgens-haustechnik.de\/wordpress\/wp-content\/uploads\/GB-192iT-0277-1.jpg 400w\" sizes=\"auto, (max-width: 300px) 100vw, 300px\" \/><\/p>\n<h3><strong>Ausbildung zum Anlagenmechaniker\/in \u2013 Sanit\u00e4r-, Heizungs- und Klimatechnik<\/strong><\/h3>\n<p>Dass unser Wasser aus dem Waserhahn kommt, eine Heizung unsere Wohnung erw\u00e4rmt oder bei einer Dusche die Temperatur geregelt werden kann: Das alles sind Beispiele, wie wichtig eine handwerkliche Ausbildung im Sanit\u00e4rbereich f\u00fcr uns alle ist.<\/p>\n<p>In einer dreieinhalbj\u00e4hrigen Ausbildung zum Anlagenmechaniker f\u00fcr Sanit\u00e4r-, Heizungs- und Klimatechnik lernt man z.B., aus welchen Materialien Wasserleitungen hergestellt und wie sie ordnungsgem\u00e4\u00df verlegt werden.<br \/>\nSchon nach kurzer Zeit wei\u00df man, wie man Sanit\u00e4ranlagen (z.B. Dusche, Badewanne oder Toilette) und Heizungsanlagen funktionieren und installiert werden.<\/p>\n<p>Bohren, Schrauben und Schwei\u00dfen zum Befestigen von Anlagen, aber auch das Anfertigen von Rohren und Verbindungen werden in der praktischen<br \/>\nArbeit von Kundenauftr\u00e4gen erlernt. Die erfahrenen Anlagenmechaniker von Lindgens Haustechnik begleiten mit ihrem Fachwissen den praktischen Teil der Ausbildung.<\/p>\n<p>Wer handwerkliches Geschick mitbringt und Interesse an Technik hat, f\u00fcr den ist die Ausbildung zum Anlagenmechaniker genau das Richtige.<\/p>\n<p>Viele weitere Informationen zu diesem Beruf findet man u.a. unter<\/p>\n<p><a href=\"https:\/\/www.ausbildung.de\/berufe\/anlagenmechaniker-shk\">https:\/\/www.ausbildung.de\/berufe\/anlagenmechaniker-shk<\/a><\/p>\n<p><strong>Ist Ihr Interesse geweckt? Dann bewerben Sie sich oder rufen Sie bei weiteren Fragen gerne an.<\/strong><br \/>\nWir freuen uns auf Ihre Bewerbung und bieten gerne das pers\u00f6nliche Gespr\u00e4ch an.<\/p>\n","protected":false},"excerpt":{"rendered":"<p> <span class=\"readmore\"><a href=\"https:\/\/lindgens-haustechnik.de\/wordpress\/jobs\/\">Weiterlesen &#8230;<\/a><\/span><\/p>\n","protected":false},"author":1,"featured_media":366,"parent":0,"menu_order":0,"comment_status":"closed","ping_status":"closed","template":"","meta":{"footnotes":"","_links_to":"","_links_to_target":""},"class_list":["post-125","page","type-page","status-publish","has-post-thumbnail","hentry"],"_links":{"self":[{"href":"https:\/\/lindgens-haustechnik.de\/wordpress\/wp-json\/wp\/v2\/pages\/125","targetHints":{"allow":["GET"]}}],"collection":[{"href":"https:\/\/lindgens-haustechnik.de\/wordpress\/wp-json\/wp\/v2\/pages"}],"about":[{"href":"https:\/\/lindgens-haustechnik.de\/wordpress\/wp-json\/wp\/v2\/types\/page"}],"author":[{"embeddable":true,"href":"https:\/\/lindgens-haustechnik.de\/wordpress\/wp-json\/wp\/v2\/users\/1"}],"replies":[{"embeddable":true,"href":"https:\/\/lindgens-haustechnik.de\/wordpress\/wp-json\/wp\/v2\/comments?post=125"}],"version-history":[{"count":0,"href":"https:\/\/lindgens-haustechnik.de\/wordpress\/wp-json\/wp\/v2\/pages\/125\/revisions"}],"wp:featuredmedia":[{"embeddable":true,"href":"https:\/\/lindgens-haustechnik.de\/wordpress\/wp-json\/wp\/v2\/media\/366"}],"wp:attachment":[{"href":"https:\/\/lindgens-haustechnik.de\/wordpress\/wp-json\/wp\/v2\/media?parent=125"}],"curies":[{"name":"wp","href":"https:\/\/api.w.org\/{rel}","templated":true}]}}