{"id":243,"date":"2017-12-25T22:35:35","date_gmt":"2017-12-25T21:35:35","guid":{"rendered":"http:\/\/lindgens-haustechnik.de\/wordpress\/?page_id=243"},"modified":"2018-04-10T17:59:59","modified_gmt":"2018-04-10T15:59:59","slug":"team","status":"publish","type":"page","link":"https:\/\/lindgens-haustechnik.de\/wordpress\/team\/","title":{"rendered":"Team"},"content":{"rendered":"<p>Im Handwerk ist es wichtig, sich auf ein gutes, eingespieltes Team zu verlassen.<\/p>\n<p>Wir k\u00fcmmern uns nur mit ausgebildeten Fachkr\u00e4ften um Ihre Belange. Insbesondere in allen Reparaturf\u00e4llen, Ihren Bauvorhaben oder anderen Pojekten im Gas-, Wasser- oder Heiz\u00f6lbereich finden sich Kollegen in unserem Team, die speziell f\u00fcr Ihre Anforderung ausgebildet sind.<\/p>\n<p><img loading=\"lazy\" decoding=\"async\" class=\"wp-image-182 alignnone\" src=\"http:\/\/lindgens-haustechnik.de\/wordpress\/wp-content\/uploads\/ueber_uns-300x199.jpg\" alt=\"\" width=\"300\" height=\"199\" srcset=\"https:\/\/lindgens-haustechnik.de\/wordpress\/wp-content\/uploads\/ueber_uns-300x199.jpg 300w, https:\/\/lindgens-haustechnik.de\/wordpress\/wp-content\/uploads\/ueber_uns-768x510.jpg 768w, https:\/\/lindgens-haustechnik.de\/wordpress\/wp-content\/uploads\/ueber_uns-1024x680.jpg 1024w, https:\/\/lindgens-haustechnik.de\/wordpress\/wp-content\/uploads\/ueber_uns.jpg 1920w\" sizes=\"auto, (max-width: 300px) 100vw, 300px\" \/><\/p>\n","protected":false},"excerpt":{"rendered":"<p> <span class=\"readmore\"><a href=\"https:\/\/lindgens-haustechnik.de\/wordpress\/team\/\">Weiterlesen &#8230;<\/a><\/span><\/p>\n","protected":false},"author":1,"featured_media":84,"parent":0,"menu_order":0,"comment_status":"closed","ping_status":"closed","template":"","meta":{"footnotes":"","_links_to":"","_links_to_target":""},"class_list":["post-243","page","type-page","status-publish","has-post-thumbnail","hentry"],"_links":{"self":[{"href":"https:\/\/lindgens-haustechnik.de\/wordpress\/wp-json\/wp\/v2\/pages\/243","targetHints":{"allow":["GET"]}}],"collection":[{"href":"https:\/\/lindgens-haustechnik.de\/wordpress\/wp-json\/wp\/v2\/pages"}],"about":[{"href":"https:\/\/lindgens-haustechnik.de\/wordpress\/wp-json\/wp\/v2\/types\/page"}],"author":[{"embeddable":true,"href":"https:\/\/lindgens-haustechnik.de\/wordpress\/wp-json\/wp\/v2\/users\/1"}],"replies":[{"embeddable":true,"href":"https:\/\/lindgens-haustechnik.de\/wordpress\/wp-json\/wp\/v2\/comments?post=243"}],"version-history":[{"count":0,"href":"https:\/\/lindgens-haustechnik.de\/wordpress\/wp-json\/wp\/v2\/pages\/243\/revisions"}],"wp:featuredmedia":[{"embeddable":true,"href":"https:\/\/lindgens-haustechnik.de\/wordpress\/wp-json\/wp\/v2\/media\/84"}],"wp:attachment":[{"href":"https:\/\/lindgens-haustechnik.de\/wordpress\/wp-json\/wp\/v2\/media?parent=243"}],"curies":[{"name":"wp","href":"https:\/\/api.w.org\/{rel}","templated":true}]}}