{"id":249,"date":"2017-12-25T22:39:02","date_gmt":"2017-12-25T21:39:02","guid":{"rendered":"http:\/\/lindgens-haustechnik.de\/wordpress\/?page_id=249"},"modified":"2018-04-09T21:44:36","modified_gmt":"2018-04-09T19:44:36","slug":"gasinstallationen","status":"publish","type":"page","link":"https:\/\/lindgens-haustechnik.de\/wordpress\/gasinstallationen\/","title":{"rendered":"Gasinstallationen"},"content":{"rendered":"<p>&nbsp;<\/p>\n<p>Sie haben Fragen rund um eine Gasinstallation? Keine Problem, wir helfen Ihnen da gerne. Ob im Reparaturfall, bei der Geb\u00e4udesanierung oder in Ihrem Neubau: Bei uns sind Sie bestens aufgehoben. Vom Gasz\u00e4hler bis zum Verbraucher bieten wir Ihnen die vollst\u00e4ndige Installation von Gasleitungen.<\/p>\n<p>Ihre Sicherheit steht bei unseren Installationsarbeiten im Vordergrund. Nach Abschluss der Installation f\u00fchren wir einen kompletten Dichtigkeitspr\u00fcfung des Leitungssystems durch. Und auch sp\u00e4ter geh\u00f6ren regelm\u00e4\u00dfige \u00dcberpr\u00fcfungen zu unserem Service.<\/p>\n<p><img loading=\"lazy\" decoding=\"async\" class=\"alignnone wp-image-193\" src=\"http:\/\/lindgens-haustechnik.de\/wordpress\/wp-content\/uploads\/Gasheizung-300x262.jpg\" alt=\"\" width=\"380\" height=\"332\" \/><\/p>\n","protected":false},"excerpt":{"rendered":"<p> <span class=\"readmore\"><a href=\"https:\/\/lindgens-haustechnik.de\/wordpress\/gasinstallationen\/\">Weiterlesen &#8230;<\/a><\/span><\/p>\n","protected":false},"author":1,"featured_media":0,"parent":0,"menu_order":0,"comment_status":"closed","ping_status":"closed","template":"","meta":{"footnotes":"","_links_to":"","_links_to_target":""},"class_list":["post-249","page","type-page","status-publish","hentry"],"_links":{"self":[{"href":"https:\/\/lindgens-haustechnik.de\/wordpress\/wp-json\/wp\/v2\/pages\/249","targetHints":{"allow":["GET"]}}],"collection":[{"href":"https:\/\/lindgens-haustechnik.de\/wordpress\/wp-json\/wp\/v2\/pages"}],"about":[{"href":"https:\/\/lindgens-haustechnik.de\/wordpress\/wp-json\/wp\/v2\/types\/page"}],"author":[{"embeddable":true,"href":"https:\/\/lindgens-haustechnik.de\/wordpress\/wp-json\/wp\/v2\/users\/1"}],"replies":[{"embeddable":true,"href":"https:\/\/lindgens-haustechnik.de\/wordpress\/wp-json\/wp\/v2\/comments?post=249"}],"version-history":[{"count":0,"href":"https:\/\/lindgens-haustechnik.de\/wordpress\/wp-json\/wp\/v2\/pages\/249\/revisions"}],"wp:attachment":[{"href":"https:\/\/lindgens-haustechnik.de\/wordpress\/wp-json\/wp\/v2\/media?parent=249"}],"curies":[{"name":"wp","href":"https:\/\/api.w.org\/{rel}","templated":true}]}}