{"id":251,"date":"2017-12-25T22:39:36","date_gmt":"2017-12-25T21:39:36","guid":{"rendered":"http:\/\/lindgens-haustechnik.de\/wordpress\/?page_id=251"},"modified":"2017-12-25T22:39:36","modified_gmt":"2017-12-25T21:39:36","slug":"heizungsinstallationen","status":"publish","type":"page","link":"https:\/\/lindgens-haustechnik.de\/wordpress\/heizungsinstallationen\/","title":{"rendered":"Heizungsinstallationen"},"content":{"rendered":"<p>Bei uns sind Sie bei allen Fragen rund um Ihre Heizungsanlage bestens aufgehoben. Wir bieten Ihnen eine umfassende und individuelle Beratung. Ganz egal, ob Sie eine neue Heizungsanlage ben\u00f6tigen, eine Sanierung ansteht oder Sie einfach nur Fragen zum Betrieb haben &#8211; wir sind f\u00fcr Sie da. Dabei arbeiten wir selbstverst\u00e4ndlich nach den neusten Umweltrichtlinien.<\/p>\n<p><img loading=\"lazy\" decoding=\"async\" class=\"alignnone size-medium wp-image-67\" src=\"http:\/\/lindgens-haustechnik.de\/wordpress\/wp-content\/uploads\/4521_Milieu_WPSK_1-300x300.jpg\" alt=\"\" width=\"300\" height=\"300\" srcset=\"https:\/\/lindgens-haustechnik.de\/wordpress\/wp-content\/uploads\/4521_Milieu_WPSK_1-300x300.jpg 300w, https:\/\/lindgens-haustechnik.de\/wordpress\/wp-content\/uploads\/4521_Milieu_WPSK_1-150x150.jpg 150w, https:\/\/lindgens-haustechnik.de\/wordpress\/wp-content\/uploads\/4521_Milieu_WPSK_1.jpg 400w\" sizes=\"auto, (max-width: 300px) 100vw, 300px\" \/><\/p>\n","protected":false},"excerpt":{"rendered":"<p> <span class=\"readmore\"><a href=\"https:\/\/lindgens-haustechnik.de\/wordpress\/heizungsinstallationen\/\">Weiterlesen &#8230;<\/a><\/span><\/p>\n","protected":false},"author":1,"featured_media":0,"parent":0,"menu_order":0,"comment_status":"closed","ping_status":"closed","template":"","meta":{"footnotes":"","_links_to":"","_links_to_target":""},"class_list":["post-251","page","type-page","status-publish","hentry"],"_links":{"self":[{"href":"https:\/\/lindgens-haustechnik.de\/wordpress\/wp-json\/wp\/v2\/pages\/251","targetHints":{"allow":["GET"]}}],"collection":[{"href":"https:\/\/lindgens-haustechnik.de\/wordpress\/wp-json\/wp\/v2\/pages"}],"about":[{"href":"https:\/\/lindgens-haustechnik.de\/wordpress\/wp-json\/wp\/v2\/types\/page"}],"author":[{"embeddable":true,"href":"https:\/\/lindgens-haustechnik.de\/wordpress\/wp-json\/wp\/v2\/users\/1"}],"replies":[{"embeddable":true,"href":"https:\/\/lindgens-haustechnik.de\/wordpress\/wp-json\/wp\/v2\/comments?post=251"}],"version-history":[{"count":0,"href":"https:\/\/lindgens-haustechnik.de\/wordpress\/wp-json\/wp\/v2\/pages\/251\/revisions"}],"wp:attachment":[{"href":"https:\/\/lindgens-haustechnik.de\/wordpress\/wp-json\/wp\/v2\/media?parent=251"}],"curies":[{"name":"wp","href":"https:\/\/api.w.org\/{rel}","templated":true}]}}