{"id":30,"date":"2017-12-08T22:26:04","date_gmt":"2017-12-08T21:26:04","guid":{"rendered":"http:\/\/lindgens-haustechnik.de\/wordpress\/?page_id=30"},"modified":"2018-04-10T18:00:50","modified_gmt":"2018-04-10T16:00:50","slug":"geschaeftszeiten","status":"publish","type":"page","link":"https:\/\/lindgens-haustechnik.de\/wordpress\/geschaeftszeiten\/","title":{"rendered":"Gesch\u00e4ftszeiten"},"content":{"rendered":"<p>Sie erreichen uns am besten zu unseren B\u00fcrozeiten telefonisch<\/p>\n<ul>\n<li>Montag bis Donnerstag\u00a0von 08:00 Uhr bis 17:00 Uhr<\/li>\n<li>Freitag von 08:00 Uhr bis 13:00 Uhr<\/li>\n<\/ul>\n<p>telefonisch unter<\/p>\n<p><strong>02181-242410<\/strong><\/p>\n<p>Au\u00dferhalb der B\u00fcrozeiten nutzen Sie bitte unseren Anrufbeantworter und hinterlassen uns eine Nachricht mit Ihrer R\u00fcckrufnummer.<\/p>\n<p><img loading=\"lazy\" decoding=\"async\" class=\"alignnone size-medium wp-image-98\" src=\"http:\/\/lindgens-haustechnik.de\/wordpress\/wp-content\/uploads\/Kesselhaus_MA_001-300x236.jpg\" alt=\"\" width=\"300\" height=\"236\" srcset=\"https:\/\/lindgens-haustechnik.de\/wordpress\/wp-content\/uploads\/Kesselhaus_MA_001-300x236.jpg 300w, https:\/\/lindgens-haustechnik.de\/wordpress\/wp-content\/uploads\/Kesselhaus_MA_001.jpg 400w\" sizes=\"auto, (max-width: 300px) 100vw, 300px\" \/><\/p>\n","protected":false},"excerpt":{"rendered":"<p> <span class=\"readmore\"><a href=\"https:\/\/lindgens-haustechnik.de\/wordpress\/geschaeftszeiten\/\">Weiterlesen &#8230;<\/a><\/span><\/p>\n","protected":false},"author":1,"featured_media":0,"parent":0,"menu_order":0,"comment_status":"closed","ping_status":"closed","template":"","meta":{"footnotes":"","_links_to":"","_links_to_target":""},"class_list":["post-30","page","type-page","status-publish","hentry"],"_links":{"self":[{"href":"https:\/\/lindgens-haustechnik.de\/wordpress\/wp-json\/wp\/v2\/pages\/30","targetHints":{"allow":["GET"]}}],"collection":[{"href":"https:\/\/lindgens-haustechnik.de\/wordpress\/wp-json\/wp\/v2\/pages"}],"about":[{"href":"https:\/\/lindgens-haustechnik.de\/wordpress\/wp-json\/wp\/v2\/types\/page"}],"author":[{"embeddable":true,"href":"https:\/\/lindgens-haustechnik.de\/wordpress\/wp-json\/wp\/v2\/users\/1"}],"replies":[{"embeddable":true,"href":"https:\/\/lindgens-haustechnik.de\/wordpress\/wp-json\/wp\/v2\/comments?post=30"}],"version-history":[{"count":0,"href":"https:\/\/lindgens-haustechnik.de\/wordpress\/wp-json\/wp\/v2\/pages\/30\/revisions"}],"wp:attachment":[{"href":"https:\/\/lindgens-haustechnik.de\/wordpress\/wp-json\/wp\/v2\/media?parent=30"}],"curies":[{"name":"wp","href":"https:\/\/api.w.org\/{rel}","templated":true}]}}