{"id":80,"date":"2017-12-09T00:40:46","date_gmt":"2017-12-08T23:40:46","guid":{"rendered":"http:\/\/lindgens-haustechnik.de\/wordpress\/?page_id=80"},"modified":"2024-01-09T15:05:11","modified_gmt":"2024-01-09T14:05:11","slug":"kontakt","status":"publish","type":"page","link":"https:\/\/lindgens-haustechnik.de\/wordpress\/kontakt\/","title":{"rendered":"Kontakt"},"content":{"rendered":"<p>F\u00fcr weitere Informationen und n\u00e4here Ausk\u00fcnfte stehen wir Ihnen pers\u00f6nlich zur Verf\u00fcgung:<\/p>\n<p>Tel.: 02181 &#8211; 24 24 10<\/p>\n<p>Fax: 02181 &#8211; 24 24 99<\/p>\n<p>Vereinbaren Sie einen unverbindlichen Gespr\u00e4chstermin oder lassen Sie sich direkt am Telefon beraten &#8211; ganz wie Sie m\u00f6chten.<\/p>\n<p>Sie haben Interesse? Rufen Sie uns an oder senden Sie uns eine E-Mail:\u00a0 <a href=\"mailto:m.lindgens@t-online.de\">m.lindgens@t-online.de<\/a><\/p>\n<p>Wir beraten Sie gerne.<\/p>\n","protected":false},"excerpt":{"rendered":"<p> <span class=\"readmore\"><a href=\"https:\/\/lindgens-haustechnik.de\/wordpress\/kontakt\/\">Weiterlesen &#8230;<\/a><\/span><\/p>\n","protected":false},"author":1,"featured_media":0,"parent":0,"menu_order":0,"comment_status":"closed","ping_status":"closed","template":"","meta":{"footnotes":"","_links_to":"","_links_to_target":""},"class_list":["post-80","page","type-page","status-publish","hentry"],"_links":{"self":[{"href":"https:\/\/lindgens-haustechnik.de\/wordpress\/wp-json\/wp\/v2\/pages\/80","targetHints":{"allow":["GET"]}}],"collection":[{"href":"https:\/\/lindgens-haustechnik.de\/wordpress\/wp-json\/wp\/v2\/pages"}],"about":[{"href":"https:\/\/lindgens-haustechnik.de\/wordpress\/wp-json\/wp\/v2\/types\/page"}],"author":[{"embeddable":true,"href":"https:\/\/lindgens-haustechnik.de\/wordpress\/wp-json\/wp\/v2\/users\/1"}],"replies":[{"embeddable":true,"href":"https:\/\/lindgens-haustechnik.de\/wordpress\/wp-json\/wp\/v2\/comments?post=80"}],"version-history":[{"count":0,"href":"https:\/\/lindgens-haustechnik.de\/wordpress\/wp-json\/wp\/v2\/pages\/80\/revisions"}],"wp:attachment":[{"href":"https:\/\/lindgens-haustechnik.de\/wordpress\/wp-json\/wp\/v2\/media?parent=80"}],"curies":[{"name":"wp","href":"https:\/\/api.w.org\/{rel}","templated":true}]}}